{"id":10,"date":"2023-04-20T03:21:48","date_gmt":"2023-04-20T03:21:48","guid":{"rendered":"https:\/\/demo2wpopal.b-cdn.net\/maisonco\/?page_id=10"},"modified":"2023-06-02T21:04:48","modified_gmt":"2023-06-02T21:04:48","slug":"about-us","status":"publish","type":"page","link":"https:\/\/bestwg.de\/en\/about-us\/","title":{"rendered":"About Us"},"content":{"rendered":"\t\t<div data-elementor-type=\"wp-post\" data-elementor-id=\"10\" class=\"elementor elementor-10\">\n\t\t\t\t\t\t<section class=\"elementor-section elementor-top-section elementor-element elementor-element-f47a043 elementor-section-stretched elementor-section-boxed elementor-section-height-default elementor-section-height-default wpr-particle-no wpr-jarallax-no wpr-parallax-no wpr-sticky-section-no wpr-equal-height-no\" data-id=\"f47a043\" data-element_type=\"section\" data-settings=\"{&quot;stretch_section&quot;:&quot;section-stretched&quot;}\">\n\t\t\t\t\t\t<div class=\"elementor-container elementor-column-gap-no\">\n\t\t\t\t\t<div class=\"elementor-column elementor-col-50 elementor-top-column elementor-element elementor-element-8bb523a\" data-id=\"8bb523a\" data-element_type=\"column\">\n\t\t\t<div class=\"elementor-widget-wrap elementor-element-populated\">\n\t\t\t\t\t\t<div class=\"elementor-element elementor-element-fe7fc4f elementor-widget elementor-widget-heading\" data-id=\"fe7fc4f\" data-element_type=\"widget\" data-widget_type=\"heading.default\">\n\t\t\t\t<div class=\"elementor-widget-container\">\n\t\t\t<style>\/*! elementor - v3.23.0 - 05-08-2024 *\/\n.elementor-heading-title{padding:0;margin:0;line-height:1}.elementor-widget-heading .elementor-heading-title[class*=elementor-size-]>a{color:inherit;font-size:inherit;line-height:inherit}.elementor-widget-heading .elementor-heading-title.elementor-size-small{font-size:15px}.elementor-widget-heading .elementor-heading-title.elementor-size-medium{font-size:19px}.elementor-widget-heading .elementor-heading-title.elementor-size-large{font-size:29px}.elementor-widget-heading .elementor-heading-title.elementor-size-xl{font-size:39px}.elementor-widget-heading .elementor-heading-title.elementor-size-xxl{font-size:59px}<\/style><h2 class=\"elementor-heading-title elementor-size-default\">\u00dcber uns<\/h2>\t\t<\/div>\n\t\t\t\t<\/div>\n\t\t\t\t<div class=\"elementor-element elementor-element-77dad28 elementor-widget elementor-widget-text-editor\" data-id=\"77dad28\" data-element_type=\"widget\" data-widget_type=\"text-editor.default\">\n\t\t\t\t<div class=\"elementor-widget-container\">\n\t\t\t<style>\/*! elementor - v3.23.0 - 05-08-2024 *\/\n.elementor-widget-text-editor.elementor-drop-cap-view-stacked .elementor-drop-cap{background-color:#69727d;color:#fff}.elementor-widget-text-editor.elementor-drop-cap-view-framed .elementor-drop-cap{color:#69727d;border:3px solid;background-color:transparent}.elementor-widget-text-editor:not(.elementor-drop-cap-view-default) .elementor-drop-cap{margin-top:8px}.elementor-widget-text-editor:not(.elementor-drop-cap-view-default) .elementor-drop-cap-letter{width:1em;height:1em}.elementor-widget-text-editor .elementor-drop-cap{float:left;text-align:center;line-height:1;font-size:50px}.elementor-widget-text-editor .elementor-drop-cap-letter{display:inline-block}<\/style>\t\t\t\t<p>Wir setzen uns leidenschaftlich f\u00fcr die Bereitstellung von hochwertigen, komfortablen und einladenden Wohngemeinschaften ein. Unsere Mission ist es, ein Zuhause zu schaffen, in dem sich unsere Bewohner wohlf\u00fchlen und eine Gemeinschaft entsteht, die auf Respekt, Freundlichkeit und Zusammenarbeit basiert.<\/p>\t\t\t\t\t\t<\/div>\n\t\t\t\t<\/div>\n\t\t\t\t<div class=\"elementor-element elementor-element-18a2226 elementor-widget elementor-widget-text-editor\" data-id=\"18a2226\" data-element_type=\"widget\" data-widget_type=\"text-editor.default\">\n\t\t\t\t<div class=\"elementor-widget-container\">\n\t\t\t\t\t\t\t<p>\u00a0<\/p><p><strong>Unsere Philosophie:<\/strong><\/p><p>Wir glauben, dass eine erfolgreiche Wohngemeinschaft mehr ist als nur ein Ort zum Schlafen und Leben \u2013 sie sollte ein Ort sein, an dem Freundschaften entstehen, gemeinsame Interessen geteilt werden und eine unterst\u00fctzende Atmosph\u00e4re herrscht. Deshalb legen wir besonderen Wert darauf, den richtigen Mix aus Bewohnern zusammenzubringen, die gemeinsam eine positive und produktive Gemeinschaft bilden.<\/p>\t\t\t\t\t\t<\/div>\n\t\t\t\t<\/div>\n\t\t\t\t\t<\/div>\n\t\t<\/div>\n\t\t\t\t<div class=\"elementor-column elementor-col-50 elementor-top-column elementor-element elementor-element-680f186\" data-id=\"680f186\" data-element_type=\"column\">\n\t\t\t<div class=\"elementor-widget-wrap elementor-element-populated\">\n\t\t\t\t\t\t<div class=\"elementor-element elementor-element-0163996 elementor-widget elementor-widget-image\" data-id=\"0163996\" data-element_type=\"widget\" data-widget_type=\"image.default\">\n\t\t\t\t<div class=\"elementor-widget-container\">\n\t\t\t<style>\/*! elementor - v3.23.0 - 05-08-2024 *\/\n.elementor-widget-image{text-align:center}.elementor-widget-image a{display:inline-block}.elementor-widget-image a img[src$=\".svg\"]{width:48px}.elementor-widget-image img{vertical-align:middle;display:inline-block}<\/style>\t\t\t\t\t\t\t\t\t\t<img fetchpriority=\"high\" decoding=\"async\" width=\"2560\" height=\"1707\" src=\"https:\/\/bestwg.de\/wp-content\/uploads\/2023\/06\/pexels-fox-1595391-scaled.jpg\" class=\"attachment-full size-full wp-image-3877\" alt=\"\" srcset=\"https:\/\/bestwg.de\/wp-content\/uploads\/2023\/06\/pexels-fox-1595391-scaled.jpg 2560w, https:\/\/bestwg.de\/wp-content\/uploads\/2023\/06\/pexels-fox-1595391-300x200.jpg 300w, https:\/\/bestwg.de\/wp-content\/uploads\/2023\/06\/pexels-fox-1595391-1024x683.jpg 1024w, https:\/\/bestwg.de\/wp-content\/uploads\/2023\/06\/pexels-fox-1595391-768x512.jpg 768w, https:\/\/bestwg.de\/wp-content\/uploads\/2023\/06\/pexels-fox-1595391-1536x1024.jpg 1536w, https:\/\/bestwg.de\/wp-content\/uploads\/2023\/06\/pexels-fox-1595391-2048x1365.jpg 2048w, https:\/\/bestwg.de\/wp-content\/uploads\/2023\/06\/pexels-fox-1595391-400x267.jpg 400w\" sizes=\"(max-width: 2560px) 100vw, 2560px\" \/>\t\t\t\t\t\t\t\t\t\t\t\t\t<\/div>\n\t\t\t\t<\/div>\n\t\t\t\t\t<\/div>\n\t\t<\/div>\n\t\t\t\t\t<\/div>\n\t\t<\/section>\n\t\t\t\t<section class=\"elementor-section elementor-top-section elementor-element elementor-element-bc3bda4 elementor-section-stretched elementor-section-boxed elementor-section-height-default elementor-section-height-default wpr-particle-no wpr-jarallax-no wpr-parallax-no wpr-sticky-section-no wpr-equal-height-no\" data-id=\"bc3bda4\" data-element_type=\"section\" data-settings=\"{&quot;stretch_section&quot;:&quot;section-stretched&quot;}\">\n\t\t\t\t\t\t<div class=\"elementor-container elementor-column-gap-no\">\n\t\t\t\t\t<div class=\"elementor-column elementor-col-50 elementor-top-column elementor-element elementor-element-c1598aa\" data-id=\"c1598aa\" data-element_type=\"column\">\n\t\t\t<div class=\"elementor-widget-wrap elementor-element-populated\">\n\t\t\t\t\t\t<div class=\"elementor-element elementor-element-909ba3b elementor-widget elementor-widget-image\" data-id=\"909ba3b\" data-element_type=\"widget\" data-widget_type=\"image.default\">\n\t\t\t\t<div class=\"elementor-widget-container\">\n\t\t\t\t\t\t\t\t\t\t\t\t\t<img decoding=\"async\" width=\"1024\" height=\"576\" src=\"https:\/\/bestwg.de\/wp-content\/uploads\/2023\/04\/c36ad2e413b70e33a4f7b0759d9a7c24292101c2eaaeb1434391285b5d7c867e_FB_IMG_1517233799324.large_.jpg\" class=\"attachment-full size-full wp-image-3560\" alt=\"\" srcset=\"https:\/\/bestwg.de\/wp-content\/uploads\/2023\/04\/c36ad2e413b70e33a4f7b0759d9a7c24292101c2eaaeb1434391285b5d7c867e_FB_IMG_1517233799324.large_.jpg 1024w, https:\/\/bestwg.de\/wp-content\/uploads\/2023\/04\/c36ad2e413b70e33a4f7b0759d9a7c24292101c2eaaeb1434391285b5d7c867e_FB_IMG_1517233799324.large_-300x169.jpg 300w, https:\/\/bestwg.de\/wp-content\/uploads\/2023\/04\/c36ad2e413b70e33a4f7b0759d9a7c24292101c2eaaeb1434391285b5d7c867e_FB_IMG_1517233799324.large_-768x432.jpg 768w, https:\/\/bestwg.de\/wp-content\/uploads\/2023\/04\/c36ad2e413b70e33a4f7b0759d9a7c24292101c2eaaeb1434391285b5d7c867e_FB_IMG_1517233799324.large_-400x225.jpg 400w\" sizes=\"(max-width: 1024px) 100vw, 1024px\" \/>\t\t\t\t\t\t\t\t\t\t\t\t\t<\/div>\n\t\t\t\t<\/div>\n\t\t\t\t\t<\/div>\n\t\t<\/div>\n\t\t\t\t<div class=\"elementor-column elementor-col-50 elementor-top-column elementor-element elementor-element-affb94c\" data-id=\"affb94c\" data-element_type=\"column\">\n\t\t\t<div class=\"elementor-widget-wrap elementor-element-populated\">\n\t\t\t\t\t\t<div class=\"elementor-element elementor-element-5ab4450 elementor-widget elementor-widget-heading\" data-id=\"5ab4450\" data-element_type=\"widget\" data-widget_type=\"heading.default\">\n\t\t\t\t<div class=\"elementor-widget-container\">\n\t\t\t<h2 class=\"elementor-heading-title elementor-size-default\">Unser Service<\/h2>\t\t<\/div>\n\t\t\t\t<\/div>\n\t\t\t\t<div class=\"elementor-element elementor-element-743b092 elementor-widget elementor-widget-text-editor\" data-id=\"743b092\" data-element_type=\"widget\" data-widget_type=\"text-editor.default\">\n\t\t\t\t<div class=\"elementor-widget-container\">\n\t\t\t\t\t\t\t<p>Wir sind stolz darauf, einen herausragenden Service zu bieten, der \u00fcber das reine Vermieten von WG-Zimmern hinausgeht. Wir stehen bei Fragen und Anliegen jederzeit zur Verf\u00fcgung, um sicherzustellen, dass Sie sich in Ihrer neuen WG rundum wohlf\u00fchlen. Wir bieten regelm\u00e4\u00dfige Reinigung der Gemeinschaftsr\u00e4ume, schnelle Reaktionszeiten bei Wartungsanfragen und eine offene Kommunikation, um sicherzustellen, dass Ihre Bed\u00fcrfnisse erf\u00fcllt werden.<\/p><p>\u00a0<\/p>\t\t\t\t\t\t<\/div>\n\t\t\t\t<\/div>\n\t\t\t\t\t<\/div>\n\t\t<\/div>\n\t\t\t\t\t<\/div>\n\t\t<\/section>\n\t\t\t\t<section class=\"elementor-section elementor-top-section elementor-element elementor-element-e6d8c0a elementor-section-stretched elementor-reverse-mobile elementor-section-boxed elementor-section-height-default elementor-section-height-default wpr-particle-no wpr-jarallax-no wpr-parallax-no wpr-sticky-section-no wpr-equal-height-no\" data-id=\"e6d8c0a\" data-element_type=\"section\" data-settings=\"{&quot;stretch_section&quot;:&quot;section-stretched&quot;}\">\n\t\t\t\t\t\t<div class=\"elementor-container elementor-column-gap-no\">\n\t\t\t\t\t<div class=\"elementor-column elementor-col-50 elementor-top-column elementor-element elementor-element-168b1bb\" data-id=\"168b1bb\" data-element_type=\"column\">\n\t\t\t<div class=\"elementor-widget-wrap elementor-element-populated\">\n\t\t\t\t\t\t<div class=\"elementor-element elementor-element-7af98e2 elementor-widget elementor-widget-heading\" data-id=\"7af98e2\" data-element_type=\"widget\" data-widget_type=\"heading.default\">\n\t\t\t\t<div class=\"elementor-widget-container\">\n\t\t\t<h2 class=\"elementor-heading-title elementor-size-default\">Unser Versprechen<\/h2>\t\t<\/div>\n\t\t\t\t<\/div>\n\t\t\t\t<div class=\"elementor-element elementor-element-2be0a27 elementor-widget elementor-widget-text-editor\" data-id=\"2be0a27\" data-element_type=\"widget\" data-widget_type=\"text-editor.default\">\n\t\t\t\t<div class=\"elementor-widget-container\">\n\t\t\t\t\t\t\t<p>Wir sind bestrebt, Ihnen ein Zuhause zu bieten, in dem Sie sich sicher, unterst\u00fctzt und inspiriert f\u00fchlen. Wenn Sie sich f\u00fcr eine unserer Wohngemeinschaften entscheiden, k\u00f6nnen Sie darauf vertrauen, dass wir alles tun, um Ihnen ein angenehmes, komfortables und freundliches Umfeld zu bieten. Wir freuen uns darauf, Sie in unserer WG-Gemeinschaft willkommen zu hei\u00dfen!<\/p>\t\t\t\t\t\t<\/div>\n\t\t\t\t<\/div>\n\t\t\t\t\t<\/div>\n\t\t<\/div>\n\t\t\t\t<div class=\"elementor-column elementor-col-50 elementor-top-column elementor-element elementor-element-f55d166\" data-id=\"f55d166\" data-element_type=\"column\">\n\t\t\t<div class=\"elementor-widget-wrap elementor-element-populated\">\n\t\t\t\t\t\t<div class=\"elementor-element elementor-element-c65d6bf elementor-widget elementor-widget-image\" data-id=\"c65d6bf\" data-element_type=\"widget\" data-widget_type=\"image.default\">\n\t\t\t\t<div class=\"elementor-widget-container\">\n\t\t\t\t\t\t\t\t\t\t\t\t\t<img decoding=\"async\" width=\"574\" height=\"385\" src=\"https:\/\/bestwg.de\/wp-content\/uploads\/2023\/04\/c79564ff5fdaeff6ab75b47bf91344d51e7da846b91541586e5cff30db6e0773_m_hring.large_-e1685739793585.jpeg\" class=\"attachment-full size-full wp-image-3559\" alt=\"\" srcset=\"https:\/\/bestwg.de\/wp-content\/uploads\/2023\/04\/c79564ff5fdaeff6ab75b47bf91344d51e7da846b91541586e5cff30db6e0773_m_hring.large_-e1685739793585.jpeg 574w, https:\/\/bestwg.de\/wp-content\/uploads\/2023\/04\/c79564ff5fdaeff6ab75b47bf91344d51e7da846b91541586e5cff30db6e0773_m_hring.large_-e1685739793585-300x201.jpeg 300w, https:\/\/bestwg.de\/wp-content\/uploads\/2023\/04\/c79564ff5fdaeff6ab75b47bf91344d51e7da846b91541586e5cff30db6e0773_m_hring.large_-e1685739793585-400x268.jpeg 400w\" sizes=\"(max-width: 574px) 100vw, 574px\" \/>\t\t\t\t\t\t\t\t\t\t\t\t\t<\/div>\n\t\t\t\t<\/div>\n\t\t\t\t\t<\/div>\n\t\t<\/div>\n\t\t\t\t\t<\/div>\n\t\t<\/section>\n\t\t\t\t<\/div>\n\t\t","protected":false},"excerpt":{"rendered":"<p>\u00dcber uns Wir setzen uns leidenschaftlich f\u00fcr die Bereitstellung von hochwertigen, komfortablen und einladenden Wohngemeinschaften ein. Unsere Mission ist es, ein Zuhause zu schaffen, in dem sich unsere Bewohner wohlf\u00fchlen und eine Gemeinschaft entsteht, die auf Respekt, Freundlichkeit und Zusammenarbeit basiert. \u00a0 Unsere Philosophie: Wir glauben, dass eine erfolgreiche Wohngemeinschaft mehr ist als nur ein Ort zum Schlafen und Leben \u2013 sie sollte ein Ort sein, an dem Freundschaften entstehen, gemeinsame Interessen geteilt werden und eine unterst\u00fctzende Atmosph\u00e4re herrscht. Deshalb legen wir besonderen Wert darauf, den richtigen Mix aus Bewohnern zusammenzubringen, die gemeinsam eine positive und produktive Gemeinschaft bilden. Unser Service Wir sind stolz darauf, einen herausragenden Service zu bieten, der \u00fcber das reine Vermieten von WG-Zimmern hinausgeht. Wir stehen bei Fragen und Anliegen jederzeit zur Verf\u00fcgung, um sicherzustellen, dass Sie sich in Ihrer neuen WG rundum wohlf\u00fchlen. Wir bieten regelm\u00e4\u00dfige Reinigung der Gemeinschaftsr\u00e4ume, schnelle Reaktionszeiten bei Wartungsanfragen und eine offene Kommunikation, um sicherzustellen, dass Ihre Bed\u00fcrfnisse erf\u00fcllt werden. \u00a0 Unser Versprechen Wir sind bestrebt, Ihnen ein Zuhause zu bieten, in dem Sie sich sicher, unterst\u00fctzt und inspiriert f\u00fchlen. Wenn Sie sich f\u00fcr eine unserer Wohngemeinschaften entscheiden, k\u00f6nnen Sie darauf vertrauen, dass wir alles tun, um Ihnen ein angenehmes, komfortables und freundliches Umfeld zu bieten. Wir freuen uns darauf, Sie in unserer WG-Gemeinschaft willkommen zu hei\u00dfen!<\/p>","protected":false},"author":1,"featured_media":3863,"parent":0,"menu_order":0,"comment_status":"closed","ping_status":"closed","template":"page-elementor.php","meta":{"inline_featured_image":false,"_monsterinsights_skip_tracking":false,"_monsterinsights_sitenote_active":false,"_monsterinsights_sitenote_note":"","_monsterinsights_sitenote_category":0},"aioseo_notices":[],"_links":{"self":[{"href":"https:\/\/bestwg.de\/en\/wp-json\/wp\/v2\/pages\/10"}],"collection":[{"href":"https:\/\/bestwg.de\/en\/wp-json\/wp\/v2\/pages"}],"about":[{"href":"https:\/\/bestwg.de\/en\/wp-json\/wp\/v2\/types\/page"}],"author":[{"embeddable":true,"href":"https:\/\/bestwg.de\/en\/wp-json\/wp\/v2\/users\/1"}],"replies":[{"embeddable":true,"href":"https:\/\/bestwg.de\/en\/wp-json\/wp\/v2\/comments?post=10"}],"version-history":[{"count":19,"href":"https:\/\/bestwg.de\/en\/wp-json\/wp\/v2\/pages\/10\/revisions"}],"predecessor-version":[{"id":3880,"href":"https:\/\/bestwg.de\/en\/wp-json\/wp\/v2\/pages\/10\/revisions\/3880"}],"wp:featuredmedia":[{"embeddable":true,"href":"https:\/\/bestwg.de\/en\/wp-json\/wp\/v2\/media\/3863"}],"wp:attachment":[{"href":"https:\/\/bestwg.de\/en\/wp-json\/wp\/v2\/media?parent=10"}],"curies":[{"name":"wp","href":"https:\/\/api.w.org\/{rel}","templated":true}]}}